{"id":71,"date":"2016-11-02T10:50:23","date_gmt":"2016-11-02T14:50:23","guid":{"rendered":"http:\/\/irscl17.info.yorku.ca\/fr\/?page_id=71"},"modified":"2017-03-30T10:38:06","modified_gmt":"2017-03-30T14:38:06","slug":"voyage","status":"publish","type":"page","link":"https:\/\/irscl17.info.yorku.ca\/fr\/voyage\/","title":{"rendered":"Voyage"},"content":{"rendered":"<p>Le campus Keele de l\u2019Universit\u00e9 York (4700 Keele Street) est situ\u00e9 au nord de la ville de Toronto en Ontario au Canada. L\u2019ensemble du congr\u00e8s 2017 de l\u2019IRSCL ainsi que tous les d\u00eeners auront lieu sur le campus Keele, pr\u00e8s de la R\u00e9sidence Pond Road et du Schulich Executive Learning Centre (h\u00f4tel sur le campus) o\u00f9 la plupart des participants seront h\u00e9berg\u00e9s.<\/p>\n<ul>\n<li><a href=\"http:\/\/maps.info.yorku.ca\/keele-campus\/\" target=\"_blank\">Des cartes du campus Keele<\/a>, incluant l\u2019emplacement des stationnement et York Lanes (le centre d\u2019achats de York)<\/li>\n<\/ul>\n<p><em>Des cartes du campus Keele ainsi qu\u2019une carte de Toronto seront incluses dans les sacs pour le congr\u00e8s 2017. <\/em><\/p>\n<p>2017 est le 150e anniversaire du Canada. Le Premier Ministre Justin Trudeau a annonc\u00e9 que les th\u00e8mes des c\u00e9l\u00e9brations pour cet anniversaire seront la jeunesse et la diversit\u00e9. Le th\u00e8me du congr\u00e8s de l\u2019IRSCL -- \u201cL\u2019enfant possible et impossible: croisements de la litt\u00e9rature et des \u00e9tudes sur l\u2019enfance\u201d-- est donc tout \u00e0 fait d\u2019actualit\u00e9!<\/p>\n<p>Vous trouverez ci-dessous quelques liens vous menant vers de plus amples informations au sujet de:<\/p>\n<div id=\"squelch-taas-accordion-0\" class=\"squelch-taas-accordion squelch-taas-override\" data-active=\"\" data-disabled=\"false\" data-autoheight=\"false\" data-collapsible=\"true\"><h3 id=\"squelch-taas-header-0\"><a href=\"#squelch-taas-accordion-shortcode-content-0\">Se Rendre \u00e0 Toronto<\/a><\/h3><div id=\"squelch-taas-accordion-shortcode-content-0\" class=\"squelch-taas-accordion-shortcode-content squelch-taas-accordion-shortcode-content-0\">\n<p>Pour obtenir de l\u2019information au sujet de l\u2019a\u00e9roport international Toronto Pearson, de l\u2019a\u00e9roport municipal Billy Bishop, de VIA Rail Canada, de GO Transit (les trains et autobus qui relient Toronto et les villes environnantes), de Greyhound Bus, Coach Canada, and Union-Pearson Express (UP Express), veuillez visitez le site Web de la <a href=\"http:\/\/www1.toronto.ca\/wps\/portal\/contentonly?vgnextoid=78d10e32cc2c1410VgnVCM10000071d60f89RCRD&amp;vgnextchannel=04708b7a29891410VgnVCM10000071d60f89RCRD\" target=\"_blank\">Ville de Toronto<\/a>.<\/p>\n<\/div>\n<h3 id=\"squelch-taas-header-1\"><a href=\"#squelch-taas-accordion-shortcode-content-1\">Se D\u00e9placer dans la Ville de Toronto<\/a><\/h3><div id=\"squelch-taas-accordion-shortcode-content-1\" class=\"squelch-taas-accordion-shortcode-content squelch-taas-accordion-shortcode-content-1\">\n<p>Malheureusement, le tron\u00e7on de m\u00e9tro reliant le centre-ville de Toronto \u00e0 l\u2019Universit\u00e9 York ne sera pas compl\u00e9t\u00e9 \u00e0 temps pour le congr\u00e8s de l\u2019IRSCL 2017. \u00a0Tous les d\u00e9l\u00e9gu\u00e9s qui resteront au centre-ville auront besoin de prendre le m\u00e9tro en combinaison avec l\u2019autobus pour se rendre sur le campus Keele. Ce d\u00e9placement entre le centre-ville et York prendra au moins une heure.<\/p>\n<p>Pour obtenir de l\u2019information au sujet des transports en commun, incluant le m\u00e9tro et les autobus du TTC (Toronto Transit Commission), GO Transit (les trains et autobus qui relient Toronto aux villes environnantes), taxis, cyclisme et la randonn\u00e9e, veuillez visitez le site Web de la <a href=\"http:\/\/www1.toronto.ca\/wps\/portal\/contentonly?vgnextoid=78d10e32cc2c1410VgnVCM10000071d60f89RCRD&amp;vgnextchannel=04708b7a29891410VgnVCM10000071d60f89RCRD\" target=\"_blank\">Ville de Toronto<\/a>.<\/p>\n<\/div>\n<h3 id=\"squelch-taas-header-2\"><a href=\"#squelch-taas-accordion-shortcode-content-2\">Se Rendre Au Campus Keele \u00c0 L\u2019universit\u00e9 York<\/a><\/h3><div id=\"squelch-taas-accordion-shortcode-content-2\" class=\"squelch-taas-accordion-shortcode-content squelch-taas-accordion-shortcode-content-2\">\n<p>Pour obtenir de l\u2019information sur comment se rendre au campus Keele \u00e0 l\u2019Universit\u00e9 York en automobile ou en transport en commun, incluant \u00e0 partir de l\u2019a\u00e9roport Pearson International, veuillez utilisez les liens en haut \u00e0 droite de la page <a href=\"http:\/\/maps.info.yorku.ca\/keele-campus\/\" target=\"_blank\">York Maps page<\/a>. Les deux liens sont intitul\u00e9s\u00a0: \u201cTransit and Driving Directions\u201d et \u201cRelated Links.\u201d<\/p>\n<\/div>\n<h3 id=\"squelch-taas-header-3\"><a href=\"#squelch-taas-accordion-shortcode-content-3\">Services a l\u2019Universit\u00e9 York<\/a><\/h3><div id=\"squelch-taas-accordion-shortcode-content-3\" class=\"squelch-taas-accordion-shortcode-content squelch-taas-accordion-shortcode-content-3\">\n<p>L\u2019Universit\u00e9 York est une des plus grandes universit\u00e9s au Canada, avec 53 000 \u00e9tudiants, 7000 professeurs et membres du personnel, 295 000 anciens \u00e9tudiants, 6 200 \u00e9tudiants internationaux en provenance de 178 pays et 200 partenaires universitaires de partout au monde. Le campus Keele est une petite ville! Elle offre de nombreux services int\u00e9ressants aux participants au congr\u00e8s de l\u2019IRSCL 2017.<\/p>\n<p>M\u00eame si les d\u00e9jeuners (petits d\u00e9jeuners continentaux \u00e0 la r\u00e9sidence; d\u00e9jeuners chauds \u00e0 l'h\u00f4tel sur le campus) et les d\u00eeners sont offerts aux participants pendant le congr\u00e8s, il est possible d\u2019acheter d\u2019autres repas sur le campus.<\/p>\n<p><a href=\"https:\/\/www.york-lanes.ca\/\" target=\"_blank\">York Lanes<\/a> (le centre d\u2019achat de York) poss\u00e8de de nombreux restaurants ainsi qu\u2019un d\u00e9panneur, des banques, une pharmacie, une clinique m\u00e9dicale, un nettoyeur, la librairie de York, et d\u2019autres services. Si vous d\u00e9sirez obtenir la liste compl\u00e8te des services disponibles ainsi que les heures d\u2019ouvertures de chaque commerce, veuillez cliquer visiter le site Web de <a href=\"https:\/\/www.york-lanes.ca\/\" target=\"_blank\">York Lanes<\/a>.<\/p>\n<p>Si vous d\u00e9sirez de l\u2019information sur les endroits offrant des repas ou de la nourriture sur le campus, veuillez utilisez ce lien <a href=\"http:\/\/foodservices.info.yorku.ca\/dining-directory\" target=\"_blank\">Dining Directory<\/a>.<\/p>\n<p>Si vous d\u00e9sirez trouver un restaurant sur le campus ou hors campus, vous trouverez des conseils et critiques de restaurants en utilisant ce lien <a href=\"https:\/\/www.zomato.com\/toronto\/restaurants\/in\/york-university-north-york\" target=\"_blank\">Restaurants in York University<\/a>, North York, Toronto.<\/p>\n<\/div>\n<h3 id=\"squelch-taas-header-4\"><a href=\"#squelch-taas-accordion-shortcode-content-4\">Carte Presto (transport en commun \u00e0 Toronto et autour de la ville)<\/a><\/h3><div id=\"squelch-taas-accordion-shortcode-content-4\" class=\"squelch-taas-accordion-shortcode-content squelch-taas-accordion-shortcode-content-4\">\n<p>Durant l\u2019apr\u00e8s-midi et la soir\u00e9e du lundi 31 juillet, les participants sont libres et peuvent profiter de ce temps libre pour explorer Toronto, ses activit\u00e9s culturelles et ses attractions touristiques. Chaque participant au congr\u00e8s recevra une carte PRESTO lui permettant d\u2019utiliser les transports en commun afin de se d\u00e9placer entre le campus Keele de l\u2019Universit\u00e9 York et le coeur de Toronto, soit pour explorer la ville, soit pour participer \u00e0 une des deux excursions sp\u00e9ciales pr\u00e9vues l\u2019apr\u00e8s-midi du 31 juillet: 1) une visite, r\u00e9ception et table ronde de cr\u00e9ateurs en litt\u00e9rature d\u2019enfance et de jeunesse \u00e0 la Toronto Public Library, la succursale Lillian H. Smith; 2) une r\u00e9ception et une table ronde de jeunes r\u00e9alisateurs du TIFF Lightbox (Toronto International Film Festival)<\/p>\n<p>Sur votre carte PRESTO (d\u2019une valeur de 6$), nous avons ajout\u00e9 10$ de fonds de voyage; ceci est inclus dans vos frais d\u2019inscription pour le congr\u00e8s. La carte PRESTO vous permet d\u2019utiliser les transports en commun tels le m\u00e9tro et les autobus de la TTC (Toronto Transit Commission), GO transit et les autobus qui relient Toronto aux villes environnantes. Les participants pourront utiliser cette carte durant tout le congr\u00e8s en y ajoutant des fonds suppl\u00e9mentaires si vous d\u00e9sirez faire des des excursions suppl\u00e9mentaires. Les participants devront retourner les cartes apr\u00e8s le congres: elles seront remises \u00e0 des \u00e9tudiants dans le besoin de l\u2019Universit\u00e9 York .<\/p>\n<p>Si vous d\u00e9sirez de l\u2019information au sujet de la carte PRESTO,\u00a0veuillez visitez le site Web <a href=\"https:\/\/www.prestocard.ca\/en\/\" target=\"_blank\">Presto<\/a>.<\/p>\n<\/div>\n<h3 id=\"squelch-taas-header-5\"><a href=\"#squelch-taas-accordion-shortcode-content-5\">A voir et a faire a Toronto<\/a><\/h3><div id=\"squelch-taas-accordion-shortcode-content-5\" class=\"squelch-taas-accordion-shortcode-content squelch-taas-accordion-shortcode-content-5\">\n<p>Il y a de nombreux sites touristiques, attractions culturelles, commerces, divertissements et restaurants \u00e0 d\u00e9couvrir \u00e0 Toronto: le tour du CN, Art Gallery of Ontario, le Royal Ontario Museum, le Aga Khan Museum et bien plus. Vous trouverez des suggestions d\u2019activit\u00e9s et d\u2019attractions \u00e0 voir sur le site Web de <a href=\"http:\/\/www.seetorontonow.com\/\" target=\"_blank\">Toronto Tourism<\/a>.<\/p>\n<p>Vous trouverez le\u00a0<a href=\"https:\/\/issuu.com\/tourismtoronto\/docs\/2017_toronto_visitor_guide\" target=\"_blank\"><em>Official Toronto 2017 Visitor Guide<\/em><\/a>.<\/p>\n<\/div>\n<h3 id=\"squelch-taas-header-6\"><a href=\"#squelch-taas-accordion-shortcode-content-6\">A voir et a faire en Ontario<\/a><\/h3><div id=\"squelch-taas-accordion-shortcode-content-6\" class=\"squelch-taas-accordion-shortcode-content squelch-taas-accordion-shortcode-content-6\">\n<p>Pour les participants qui souhaitent prolonger leur s\u00e9jour en Ontario, vous pouvez planifier une excursion d\u2019une journ\u00e9e au chute du Niagara, visiter le McMichael Canadian Art Collection \u00e0 Kleinburg, assister au Festival de Stratford ou au Shaw Festival \u00e0 Niagara-on-the-Lake, visitez Ottawa, la capitale du Canada, ou le Algonquin Park, si vous d\u00e9sirez une exp\u00e9rience en milieu sauvage. Si vous d\u00e9sirez de l\u2019information au sujet des sites touristique en Ontario, veuillez visiter le site <a href=\"https:\/\/www.ontariotravel.net\/en\/home\" target=\"_blank\">Official Website of Tourism in Ontario<\/a>.<\/p>\n<\/div><\/div>\n\n<p>&nbsp;<\/p>\n<p><iframe loading=\"lazy\" width=\"600\" height=\"450\" frameborder=\"0\" src=\"https:\/\/www.google.com\/maps\/embed?pb=!1m14!1m8!1m3!1d5761.714304947799!2d-79.5082628!3d43.775824!3m2!1i1024!2i768!4f13.1!3m3!1m2!1s0x89d4cd330b767bfb%3A0xdbb899cc9da76d19!2sYork+University!5e0!3m2!1sen!2sca!4v1478183429619\"><\/iframe><\/p>\n<p><a class=\"gs-title\" dir=\"ltr\" href=\"http:\/\/www.yorku.ca\/web\/maps\/\" target=\"_blank\" data-cturl=\"https:\/\/www.google.com\/url?q=http:\/\/www.yorku.ca\/web\/maps\/&amp;sa=U&amp;ved=0ahUKEwiR0sec96DQAhUJwGMKHQlpB8YQFggEMAA&amp;client=internal-uds-cse&amp;usg=AFQjCNHsRuzgZiaTACtpcVIvahdTNHHdDQ\" data-ctorig=\"http:\/\/www.yorku.ca\/web\/maps\/\">York University - Keele: Interactive Map<\/a><\/p>\n<p><img decoding=\"async\" loading=\"lazy\" class=\"alignnone size-full wp-image-142\" src=\"http:\/\/irscl17.info.yorku.ca\/files\/2016\/11\/wp2b85bd2a_05_06.jpg\" alt=\"map of canada\" width=\"260\" height=\"132\" \/><img decoding=\"async\" loading=\"lazy\" class=\"alignnone size-full wp-image-141\" src=\"http:\/\/irscl17.info.yorku.ca\/files\/2016\/11\/wpc608498a_05_06.jpg\" alt=\"map of ontario\" width=\"260\" height=\"148\" \/><\/p>\n<p><img decoding=\"async\" loading=\"lazy\" class=\"alignnone size-full wp-image-140\" src=\"http:\/\/irscl17.info.yorku.ca\/files\/2016\/11\/wpbfff61fa_05_06.jpg\" alt=\"map toronto\" width=\"258\" height=\"146\" \/><img decoding=\"async\" loading=\"lazy\" class=\"alignnone size-full wp-image-139\" src=\"http:\/\/irscl17.info.yorku.ca\/files\/2016\/11\/wp6a192eab_05_06.jpg\" alt=\"map york university\" width=\"256\" height=\"142\" \/><\/p>\n","protected":false},"excerpt":{"rendered":"<p>Le campus Keele de l\u2019Universit\u00e9 York (4700 Keele Street) est situ\u00e9 au nord de la ville de Toronto en Ontario au Canada. L\u2019ensemble du congr\u00e8s 2017 de l\u2019IRSCL ainsi que tous les d\u00eeners auront lieu sur le campus Keele, pr\u00e8s de la R\u00e9sidence Pond Road et du Schulich Executive Learning Centre (h\u00f4tel sur le campus) [&hellip;]<\/p>\n","protected":false},"author":12238,"featured_media":0,"parent":0,"menu_order":0,"comment_status":"closed","ping_status":"closed","template":"","meta":[],"_links":{"self":[{"href":"https:\/\/irscl17.info.yorku.ca\/fr\/wp-json\/wp\/v2\/pages\/71"}],"collection":[{"href":"https:\/\/irscl17.info.yorku.ca\/fr\/wp-json\/wp\/v2\/pages"}],"about":[{"href":"https:\/\/irscl17.info.yorku.ca\/fr\/wp-json\/wp\/v2\/types\/page"}],"author":[{"embeddable":true,"href":"https:\/\/irscl17.info.yorku.ca\/fr\/wp-json\/wp\/v2\/users\/12238"}],"replies":[{"embeddable":true,"href":"https:\/\/irscl17.info.yorku.ca\/fr\/wp-json\/wp\/v2\/comments?post=71"}],"version-history":[{"count":6,"href":"https:\/\/irscl17.info.yorku.ca\/fr\/wp-json\/wp\/v2\/pages\/71\/revisions"}],"predecessor-version":[{"id":560,"href":"https:\/\/irscl17.info.yorku.ca\/fr\/wp-json\/wp\/v2\/pages\/71\/revisions\/560"}],"wp:attachment":[{"href":"https:\/\/irscl17.info.yorku.ca\/fr\/wp-json\/wp\/v2\/media?parent=71"}],"curies":[{"name":"wp","href":"https:\/\/api.w.org\/{rel}","templated":true}]}}