{"id":64,"date":"2016-11-02T11:29:00","date_gmt":"2016-11-02T15:29:00","guid":{"rendered":"http:\/\/irscl17.info.yorku.ca\/fr\/?page_id=64"},"modified":"2017-07-28T11:59:35","modified_gmt":"2017-07-28T15:59:35","slug":"bienvenue","status":"publish","type":"page","link":"https:\/\/irscl17.info.yorku.ca\/fr\/","title":{"rendered":"Bienvenue au Congr\u00e8s IRSCL 2017!"},"content":{"rendered":"<h3>Le th\u00e8me du Congr\u00e8s est \"L'enfant possible et impossible: Croisements de la litt\u00e9rature et des \u00e9tudes sur l'enfance.\"<\/h3>\n<p><em><strong>Le Congr\u00e8s 2017 de l\u2019IRSCL accueillera pr\u00e8s de 400 participants de plus de 40 pays \u00e0 travers le monde \u00e0 l\u2019Universit\u00e9 York \u00e0 Toronto au Canada du 29 juillet au 2 ao\u00fbt 2017!<\/strong><\/em><\/p>\n<div class=\"yu-alert\">\n<p><strong>Pond Road Residence<\/strong> is located at 92 The Pond Road, Keele Campus, York University, 4700 Keele Street, Toronto. It is Building # 35 on the York University Keele Campus map.<\/p>\n<p><strong>Executive Learning Centre<\/strong> (the on-campus hotel) is located at 56 Fine Arts Road, Keele Campus, York University, 4700 Keele Street, Toronto. It is Building # 94 on the York University Keele Campus map.<\/p>\n<p><strong>Registration<\/strong> will be held in Gales Gallery, Accolade West (ACW), Building # 93 on the York University Keele Campus map.<\/p>\n<p><strong>Pay Parking<\/strong> in a nearby covered parking garage is available for visitors at the Student Services Parking Garage, Building # 84 on the York University Keele Campus map.<\/p>\n<p><a href=\"http:\/\/maps.info.yorku.ca\/keele-campus\/\" target=\"_blank\" rel=\"noopener noreferrer\"><strong>York University Keele Campus maps<\/strong><\/a> will be available in delegates' bags, but can be accessed at any time.<\/p>\n<p>Please e-mail us at <a href=\"mailto:irscl17@yorku.ca\">irscl17@yorku.ca<\/a> with any questions.<\/p>\n<\/div>\n<p>Nous esp\u00e9rons avoir le plaisir de vous rencontrer en 2017 \u00e0 l'Universit\u00e9 York \u00e0 Toronto (Canada) pour le Congr\u00e8s IRSCL 2017.<\/p>\n<p><a href=\"http:\/\/irscl17.info.yorku.ca\/files\/2016\/11\/IRSCL-17-Bilingual-CFP-Colour-Sept-2016.pdf\" target=\"_blank\" rel=\"noopener noreferrer\">Appel de Communications (PDF)<\/a><\/p>\n","protected":false},"excerpt":{"rendered":"<p>Le th\u00e8me du Congr\u00e8s est \"L'enfant possible et impossible: Croisements de la litt\u00e9rature et des \u00e9tudes sur l'enfance.\" Le Congr\u00e8s 2017 de l\u2019IRSCL accueillera pr\u00e8s de 400 participants de plus de 40 pays \u00e0 travers le monde \u00e0 l\u2019Universit\u00e9 York \u00e0 Toronto au Canada du 29 juillet au 2 ao\u00fbt 2017! Pond Road Residence is [&hellip;]<\/p>\n","protected":false},"author":12238,"featured_media":0,"parent":0,"menu_order":0,"comment_status":"closed","ping_status":"open","template":"","meta":[],"_links":{"self":[{"href":"https:\/\/irscl17.info.yorku.ca\/fr\/wp-json\/wp\/v2\/pages\/64"}],"collection":[{"href":"https:\/\/irscl17.info.yorku.ca\/fr\/wp-json\/wp\/v2\/pages"}],"about":[{"href":"https:\/\/irscl17.info.yorku.ca\/fr\/wp-json\/wp\/v2\/types\/page"}],"author":[{"embeddable":true,"href":"https:\/\/irscl17.info.yorku.ca\/fr\/wp-json\/wp\/v2\/users\/12238"}],"replies":[{"embeddable":true,"href":"https:\/\/irscl17.info.yorku.ca\/fr\/wp-json\/wp\/v2\/comments?post=64"}],"version-history":[{"count":6,"href":"https:\/\/irscl17.info.yorku.ca\/fr\/wp-json\/wp\/v2\/pages\/64\/revisions"}],"predecessor-version":[{"id":693,"href":"https:\/\/irscl17.info.yorku.ca\/fr\/wp-json\/wp\/v2\/pages\/64\/revisions\/693"}],"wp:attachment":[{"href":"https:\/\/irscl17.info.yorku.ca\/fr\/wp-json\/wp\/v2\/media?parent=64"}],"curies":[{"name":"wp","href":"https:\/\/api.w.org\/{rel}","templated":true}]}}