{"id":436,"date":"2017-01-31T12:39:12","date_gmt":"2017-01-31T17:39:12","guid":{"rendered":"http:\/\/irscl17.info.yorku.ca\/fr\/?page_id=436"},"modified":"2017-07-25T10:03:30","modified_gmt":"2017-07-25T14:03:30","slug":"hebergement","status":"publish","type":"page","link":"https:\/\/irscl17.info.yorku.ca\/fr\/hebergement\/","title":{"rendered":"H\u00e9bergement"},"content":{"rendered":"<p>Il y a de nombreuses options d\u2019h\u00e9bergement tant sur le campus qu\u2019\u00e0 l'ext\u00e9rieur du campus. Cependant, le campus Keele de l\u2019Universit\u00e9 York est situ\u00e9 au nord de Toronto, et donc \u00e0 une grande distance du centre ville. Il sera donc plus pratique de se loger sur le campus durant le congr\u00e8s de l\u2019IRSCL.<\/p>\n<p>Sur le campus, le Congr\u00e8s 2017 vous offre des appartements de deux chambres qui peuvent \u00eatre partag\u00e9s ou non, \u00e0 la r\u00e9sidence Pond Road, ou une chambre d'h\u00f4tel au Schulich Executive Learning Centre.<\/p>\n<h3>R\u00e9sidence Pond Road<\/h3>\n<p><a href=\"http:\/\/irscl17.info.yorku.ca\/files\/2017\/01\/IRSCL-Congress-Pond-Road-Residence-Information.pdf\" target=\"_blank\" rel=\"noopener noreferrer\">Pond Road Residence Information<\/a> (PDF)<\/p>\n<p>Un appartement de deux chambres pour deux personnes, salle de bain partag\u00e9e, avec entretien m\u00e9nager quotidien, Internet sans fil et d\u00e9jeuner continental co\u00fbte 50$ (dollar canadien = CAD) par nuit par personne, taxes de 13% en sus (HST) (obligatoire), pour un total de 56.50$ CAD par personne par nuit. Lors de l\u2019inscription, vous pouvez faire le demande pour un colocataire sp\u00e9cifique (cette personne devra aussi vous choisir lors de son inscription) ou vous serez jumel\u00e9 avec un ou une colocataire selon votre sexe.<\/p>\n<p>Un appartement de deux chambres pour une personne, salle de bain partag\u00e9e, avec entretien m\u00e9nager quotidien, Internet sans fil et d\u00e9jeuner continental co\u00fbte 75$ (dollar canadien = CAD) par nuit, taxes de 13% en sus (HST) (obligatoire), pour un total de 84.75$ CAD par nuit (nombre limit\u00e9, premier arriv\u00e9 premier servi).<\/p>\n<p>Veuillez \u00eatre pr\u00eat(e) \u00e0 indiquer, lorsque vous faites votre r\u00e9servation, pour quelle(s) nuit(s) vous d\u00e9sirez r\u00e9server:<\/p>\n<ul>\n<li>Jeudi 27 juillet 2017<\/li>\n<li>Vendredi 28 juillet 2017<\/li>\n<li>Samedi 29 juillet 2017<\/li>\n<li>Dimanche 30 juillet 2017<\/li>\n<li>Lundi 31 juillet 2017<\/li>\n<li>Mardi 1 ao\u00fbt 2017<\/li>\n<li>Mercredi 2 ao\u00fbt 2017<\/li>\n<li>Jeudi 3 ao\u00fbt 2017<\/li>\n<\/ul>\n<h3><strong>Schulich Executive Learning Centre (Hotel sur le Campus)<\/strong><\/h3>\n<p>Pour r\u00e9server une chambre au <a href=\"http:\/\/www.acc-schulichexecutiveconferencecentre.com\/toronto-accommodations-en.html\" target=\"_blank\" rel=\"noopener noreferrer\">Schulich Executive Learning Centre<\/a> (un hotel sur le campus), veuillez faire la r\u00e9servation. Assurez-vous de faire la demande pour obtenir le tarif sp\u00e9cial pour le Congr\u00e8s IRSCL 2017 (130$, taxes de 13% (HST) en sus = 164.90$ par nuit). Ces chambres sont priv\u00e9es et le d\u00e9jeuner est inclus. Pour une personne additionnelle, les frais suppl\u00e9mentaires sont de 15$ par nuit. Le stationnement coute 20$ de plus par nuit.<\/p>\n<h2><strong>H\u00e9bergement Hors Campus<\/strong><\/h2>\n<p>Vous trouverez ci-dessous les informations pour r\u00e9server une chambre dans un h\u00f4tel hors campus ou pour un autre type d\u2019h\u00e9bergement (r\u00e9sidences priv\u00e9es ou auberges de jeunesse).<\/p>\n<h3><strong>H\u00f4tel hors campus<\/strong><\/h3>\n<p>Pour la plupart des participants au Congr\u00e8s 2017 de l\u2019IRSCL, un h\u00e9bergement sur le campus \u00e0 la r\u00e9sidence Keele \u00e0 l\u2019Universit\u00e9 York ou \u00e0 l\u2019h\u00f4tel Schulich Executive Learning Centre sera le meilleur choix.<\/p>\n<p>Certains participants pourraient choisir de s\u00e9journer au centre-ville de Toronto. Par contre, le d\u00e9placement en transport en commun du centre-ville \u00e0 l\u2019Universit\u00e9 York prendra un minimum d\u2019une heure.<\/p>\n<p>Il y a quelques h\u00f4tels assez pr\u00e8s de York. Cependant, m\u00eame ces h\u00f4tels sont \u00e0 2 ou 3 km du campus Keele.<\/p>\n<p>Si vous d\u00e9sirez faire une r\u00e9servation dans un h\u00f4tel hors campus pr\u00e8s de York, veuillez vous rendre sur le site Web <a href=\"http:\/\/www.hotels.ca\" target=\"_blank\" rel=\"noopener noreferrer\">www.hotels.ca<\/a> (Hotels.com, une compagnie de Expedia) ou un autre site similaire de r\u00e9servation d\u2019h\u00f4tels. Sur le site hotels.ca, pour emplacement (\u201clocation\u201d), \u00e9crivez \u201cYork University, Toronto, Ontario, Canada\u201d. Vous obtiendrez la liste des h\u00f4tels disponibles, ainsi que la distance entre l'h\u00f4tel et York, et une \u00e9valuation de chaque h\u00f4tel, bas\u00e9e sur les commentaires des clients.<\/p>\n<p>Voici quelques h\u00f4tels qui appara\u00eetront dans votre liste:<\/p>\n<table>\n<tbody>\n<tr>\n<td><strong>HOTEL<\/strong><\/td>\n<td><strong>ADRESSE<\/strong><\/td>\n<td><strong>NUM\u00c9RO DE T\u00c9L\u00c9PHONE<\/strong><\/td>\n<td><strong>DISTANCE DU<br \/>\nCAMPUS KEELE (YORK)<\/strong><\/td>\n<\/tr>\n<tr>\n<td>Super 8 Toronto North<\/td>\n<td>3400 Steeles Avenue W., Vaughan<\/td>\n<td>866-295-5109<\/td>\n<td>2.1 km de York U<\/td>\n<\/tr>\n<tr>\n<td>Holiday Inn Express Toronto \u2013 North York<\/td>\n<td>30 Norfinch Drive, Toronto<\/td>\n<td>866-295-5578<\/td>\n<td>2.5 km de York U<\/td>\n<\/tr>\n<tr>\n<td>Best Western Plus Toronto North York Hotel &amp; Suites<\/td>\n<td>50 Norfinch Drive, Toronto<\/td>\n<td>866-295-5816<\/td>\n<td>2.5 km de York U<\/td>\n<\/tr>\n<tr>\n<td>Comfort Inn Toronto North<\/td>\n<td>66 Norfinch Drive, Toronto<\/td>\n<td>866-295-9117<\/td>\n<td>2.5 km de York U<\/td>\n<\/tr>\n<tr>\n<td>Extended Stay Canada \u2013 Toronto \u2013 Vaughan<\/td>\n<td>3600 Steeles Ave. W., Vaughan<\/td>\n<td>866-296-6568<\/td>\n<td>2.8 km de York U<\/td>\n<\/tr>\n<\/tbody>\n<\/table>\n<p><em>Le Congr\u00e8s 2017 de l\u2019IRSCL ne fait aucune recommandation particuli\u00e8re en ce qui a trait \u00e0 l\u2019h\u00e9bergement hors campus et n\u2019a pas n\u00e9goci\u00e9 de rabais avec les h\u00f4tels hors campus.<\/em><\/p>\n<h3><strong>Autres types d\u2019h\u00e9bergement hors campus<\/strong><\/h3>\n<p>Les participants d\u00e9sirant r\u00e9server d\u2019autres types d\u2019h\u00e9bergement hors campus peuvent le faire dans des listes de r\u00e9sidences priv\u00e9es. Nous vous invitons \u00e0 v\u00e9rifier la distance entre la r\u00e9sidence que vous d\u00e9sirez et le campus Keele de l\u2019Universit\u00e9 York (4700 Keele Street, Toronto, Ontario).<\/p>\n<ul>\n<li><a href=\"https:\/\/www.airbnb.ca\/\" target=\"_blank\" rel=\"noopener noreferrer\">Airbnb<\/a> - faites une recherche en utilisant \u201cYork University, Keele Street, Toronto, ON\u201d<\/li>\n<li><a href=\"http:\/\/www.wimdu.ca\/\" target=\"_blank\" rel=\"noopener noreferrer\">Wimdu<\/a> - faites une recherche en utilisant \u201cToronto, Ontario, Canada\u201d<\/li>\n<li><a href=\"http:\/\/www.hostels.com\/\" target=\"_blank\" rel=\"noopener noreferrer\">Hostels.com<\/a> - faites une recherche en utilisant \u201cToronto, Canada\u201d<\/li>\n<\/ul>\n<p>&nbsp;<\/p>\n","protected":false},"excerpt":{"rendered":"<p>Il y a de nombreuses options d\u2019h\u00e9bergement tant sur le campus qu\u2019\u00e0 l'ext\u00e9rieur du campus. Cependant, le campus Keele de l\u2019Universit\u00e9 York est situ\u00e9 au nord de Toronto, et donc \u00e0 une grande distance du centre ville. Il sera donc plus pratique de se loger sur le campus durant le congr\u00e8s de l\u2019IRSCL. Sur le [&hellip;]<\/p>\n","protected":false},"author":2830,"featured_media":0,"parent":0,"menu_order":0,"comment_status":"closed","ping_status":"closed","template":"","meta":[],"_links":{"self":[{"href":"https:\/\/irscl17.info.yorku.ca\/fr\/wp-json\/wp\/v2\/pages\/436"}],"collection":[{"href":"https:\/\/irscl17.info.yorku.ca\/fr\/wp-json\/wp\/v2\/pages"}],"about":[{"href":"https:\/\/irscl17.info.yorku.ca\/fr\/wp-json\/wp\/v2\/types\/page"}],"author":[{"embeddable":true,"href":"https:\/\/irscl17.info.yorku.ca\/fr\/wp-json\/wp\/v2\/users\/2830"}],"replies":[{"embeddable":true,"href":"https:\/\/irscl17.info.yorku.ca\/fr\/wp-json\/wp\/v2\/comments?post=436"}],"version-history":[{"count":7,"href":"https:\/\/irscl17.info.yorku.ca\/fr\/wp-json\/wp\/v2\/pages\/436\/revisions"}],"predecessor-version":[{"id":675,"href":"https:\/\/irscl17.info.yorku.ca\/fr\/wp-json\/wp\/v2\/pages\/436\/revisions\/675"}],"wp:attachment":[{"href":"https:\/\/irscl17.info.yorku.ca\/fr\/wp-json\/wp\/v2\/media?parent=436"}],"curies":[{"name":"wp","href":"https:\/\/api.w.org\/{rel}","templated":true}]}}